{"id":2603,"date":"2021-03-10T13:06:48","date_gmt":"2021-03-10T13:06:48","guid":{"rendered":"https:\/\/www.dutchworldbikes.com\/?page_id=2603"},"modified":"2021-04-22T08:27:36","modified_gmt":"2021-04-22T08:27:36","slug":"hoe-werkt-het-2","status":"publish","type":"page","link":"https:\/\/dutchworldbikes.com\/eng\/hoe-werkt-het-2\/","title":{"rendered":"Het elektrisch systeem"},"content":{"rendered":"<div data-elementor-type=\"wp-page\" data-elementor-id=\"2603\" class=\"elementor elementor-2603\" data-elementor-post-type=\"page\">\n\t\t\t\t\t\t<section class=\"elementor-section elementor-top-section elementor-element elementor-element-1f5b591 elementor-section-content-middle elementor-section-boxed elementor-section-height-default elementor-section-height-default\" data-id=\"1f5b591\" data-element_type=\"section\" data-e-type=\"section\" data-settings=\"{&quot;background_background&quot;:&quot;classic&quot;}\">\n\t\t\t\t\t\t<div class=\"elementor-container elementor-column-gap-no\">\n\t\t\t\t\t<div class=\"elementor-column elementor-col-50 elementor-top-column elementor-element elementor-element-1c68615\" data-id=\"1c68615\" data-element_type=\"column\" data-e-type=\"column\">\n\t\t\t<div class=\"elementor-widget-wrap elementor-element-populated\">\n\t\t\t\t\t\t<div class=\"elementor-element elementor-element-474bca8 elementor-widget elementor-widget-heading\" data-id=\"474bca8\" data-element_type=\"widget\" data-e-type=\"widget\" data-widget_type=\"heading.default\">\n\t\t\t\t<div class=\"elementor-widget-container\">\n\t\t\t\t\t<h3 class=\"elementor-heading-title elementor-size-default translation-block\">An innovative, ingenious <span style=\"font-weight: 800\">system from Zehus.<\/span><\/h3>\t\t\t\t<\/div>\n\t\t\t\t<\/div>\n\t\t\t\t<div class=\"elementor-element elementor-element-a43813f elementor-widget elementor-widget-text-editor\" data-id=\"a43813f\" data-element_type=\"widget\" data-e-type=\"widget\" data-widget_type=\"text-editor.default\">\n\t\t\t\t<div class=\"elementor-widget-container\">\n\t\t\t\t\t\t\t\t\t<p><span style=\"color: #616265; font-family: 'Open Sans', sans-serif; font-size: 15px;\">The E-bikes from Dutch World Bikes are equipped with a Zehus electrical system. This is an almost invisible all-in-one motor hub of 250 W with integrated battery, electronics and motor.<\/span><\/p>\n<p>The system is wireless and 100% modular. You hardly see that you are riding a real E-bike! This is one of the reasons why this system is extremely suitable for our bicycles.&nbsp;<\/p>\n<p>The Zehus system is unique in its kind and also regenerative. You can choose from various modes. Eco, turbo and turbo custom. In the latter mode, the battery charges while you are cycling or braking. This saves you energy and you have more reach. The range depends on the \"conditions\". Rider weight, headwind, hills, tire pressure. Range is between 30 and 65 km.&nbsp;<\/p>\n<p>The system is also equipped with an electronic brake with alarm. Check the Zehus website for more information.&nbsp;<a href=\"https:\/\/www.zehus.it\/\" target=\"_blank\" rel=\"noopener\">Zehus<\/a>&nbsp;voor nog meer informatie.<\/p>\t\t\t\t\t\t\t\t<\/div>\n\t\t\t\t<\/div>\n\t\t\t\t\t<\/div>\n\t\t<\/div>\n\t\t\t\t<div class=\"elementor-column elementor-col-50 elementor-top-column elementor-element elementor-element-5a3207d\" data-id=\"5a3207d\" data-element_type=\"column\" data-e-type=\"column\">\n\t\t\t<div class=\"elementor-widget-wrap elementor-element-populated\">\n\t\t\t\t\t\t<div class=\"elementor-element elementor-element-91d031b elementor-widget elementor-widget-image\" data-id=\"91d031b\" data-element_type=\"widget\" data-e-type=\"widget\" data-widget_type=\"image.default\">\n\t\t\t\t<div class=\"elementor-widget-container\">\n\t\t\t\t\t\t\t\t\t\t\t\t\t\t\t<img fetchpriority=\"high\" decoding=\"async\" width=\"795\" height=\"601\" src=\"https:\/\/dutchworldbikes.com\/wp-content\/uploads\/2021\/03\/ZEHUS.jpg\" class=\"attachment-full size-full wp-image-2612\" alt=\"\" srcset=\"https:\/\/dutchworldbikes.com\/wp-content\/uploads\/2021\/03\/ZEHUS.jpg 795w, https:\/\/dutchworldbikes.com\/wp-content\/uploads\/2021\/03\/ZEHUS-300x227.jpg 300w, https:\/\/dutchworldbikes.com\/wp-content\/uploads\/2021\/03\/ZEHUS-768x581.jpg 768w, https:\/\/dutchworldbikes.com\/wp-content\/uploads\/2021\/03\/ZEHUS-16x12.jpg 16w\" sizes=\"(max-width: 795px) 100vw, 795px\" \/>\t\t\t\t\t\t\t\t\t\t\t\t\t\t\t<\/div>\n\t\t\t\t<\/div>\n\t\t\t\t\t<\/div>\n\t\t<\/div>\n\t\t\t\t\t<\/div>\n\t\t<\/section>\n\t\t\t\t<section class=\"elementor-section elementor-top-section elementor-element elementor-element-371ebce elementor-section-content-middle elementor-section-boxed elementor-section-height-default elementor-section-height-default\" data-id=\"371ebce\" data-element_type=\"section\" data-e-type=\"section\" data-settings=\"{&quot;background_background&quot;:&quot;classic&quot;}\">\n\t\t\t\t\t\t<div class=\"elementor-container elementor-column-gap-no\">\n\t\t\t\t\t<div class=\"elementor-column elementor-col-100 elementor-top-column elementor-element elementor-element-b81cb52\" data-id=\"b81cb52\" data-element_type=\"column\" data-e-type=\"column\">\n\t\t\t<div class=\"elementor-widget-wrap elementor-element-populated\">\n\t\t\t\t\t\t<div class=\"elementor-element elementor-element-b96c1d2 elementor-widget elementor-widget-heading\" data-id=\"b96c1d2\" data-element_type=\"widget\" data-e-type=\"widget\" data-widget_type=\"heading.default\">\n\t\t\t\t<div class=\"elementor-widget-container\">\n\t\t\t\t\t<h4 class=\"elementor-heading-title elementor-size-default translation-block\"><span style=\"font-weight: 300\">Remote control and <span style=\"font-weight: 800\">handige app.<\/span><\/span><\/h4>\t\t\t\t<\/div>\n\t\t\t\t<\/div>\n\t\t\t\t<div class=\"elementor-element elementor-element-64c878c elementor-widget__width-initial elementor-widget elementor-widget-text-editor\" data-id=\"64c878c\" data-element_type=\"widget\" data-e-type=\"widget\" data-widget_type=\"text-editor.default\">\n\t\t\t\t<div class=\"elementor-widget-container\">\n\t\t\t\t\t\t\t\t\t<p>An option for our E-bikes is a wireless remote control with, among other things, a turbo boost button. A very light and small remote control that you click on the handlebar.<\/p><p>Switch between different modes of assistance levels while cycling. The remote control is connected to the electric hub via Blue tooth. Very handy!<\/p><p>You press the Turbo Boost setting to activate the maximum torque of the motor (40 Nm). Very useful when going uphill and wind from the front.<\/p><p>There is also a handy app available for your mobile phone. Here settings can be adjusted via a Bluetooth connection. For example the motor support levels and locking and unlocking of your bike. And are you not yet in possession of a mobile phone? No problem! Then it is still possible to use the Zehus system.\u00a0<span style=\"background-color: #ffffff;\">Check de website van\u00a0<\/span><a style=\"background-color: #ffffff;\" href=\"https:\/\/www.zehus.it\/\" target=\"_blank\" rel=\"noopener\">Zehus<\/a><span style=\"background-color: #ffffff;\">\u00a0voor nog meer informatie.<\/span><\/p>\t\t\t\t\t\t\t\t<\/div>\n\t\t\t\t<\/div>\n\t\t\t\t<div class=\"elementor-element elementor-element-5a6a99a elementor-widget__width-initial elementor-widget elementor-widget-image\" data-id=\"5a6a99a\" data-element_type=\"widget\" data-e-type=\"widget\" data-widget_type=\"image.default\">\n\t\t\t\t<div class=\"elementor-widget-container\">\n\t\t\t\t\t\t\t\t\t\t\t\t\t\t\t<img decoding=\"async\" width=\"712\" height=\"448\" src=\"https:\/\/dutchworldbikes.com\/wp-content\/uploads\/2021\/03\/ir_attachment_178356.gif\" class=\"attachment-full size-full wp-image-2616\" alt=\"\" \/>\t\t\t\t\t\t\t\t\t\t\t\t\t\t\t<\/div>\n\t\t\t\t<\/div>\n\t\t\t\t<section class=\"elementor-section elementor-inner-section elementor-element elementor-element-361c48a elementor-section-boxed elementor-section-height-default elementor-section-height-default\" data-id=\"361c48a\" data-element_type=\"section\" data-e-type=\"section\">\n\t\t\t\t\t\t<div class=\"elementor-container elementor-column-gap-default\">\n\t\t\t\t\t<div class=\"elementor-column elementor-col-50 elementor-inner-column elementor-element elementor-element-c881955\" data-id=\"c881955\" data-element_type=\"column\" data-e-type=\"column\">\n\t\t\t<div class=\"elementor-widget-wrap elementor-element-populated\">\n\t\t\t\t\t\t<div class=\"elementor-element elementor-element-9f75d9c elementor-align-left elementor-mobile-align-justify elementor-widget elementor-widget-button\" data-id=\"9f75d9c\" data-element_type=\"widget\" data-e-type=\"widget\" data-widget_type=\"button.default\">\n\t\t\t\t<div class=\"elementor-widget-container\">\n\t\t\t\t\t\t\t\t\t<div class=\"elementor-button-wrapper\">\n\t\t\t\t\t<a class=\"elementor-button elementor-button-link elementor-size-sm\" href=\"https:\/\/dutchworldbikes.com\/eng\/de-rijklare-collectie\/\">\n\t\t\t\t\t\t<span class=\"elementor-button-content-wrapper\">\n\t\t\t\t\t\t\t\t\t<span class=\"elementor-button-text\">Check out the ready-made collection \u27f6 <\/span>\n\t\t\t\t\t<\/span>\n\t\t\t\t\t<\/a>\n\t\t\t\t<\/div>\n\t\t\t\t\t\t\t\t<\/div>\n\t\t\t\t<\/div>\n\t\t\t\t\t<\/div>\n\t\t<\/div>\n\t\t\t\t<div class=\"elementor-column elementor-col-50 elementor-inner-column elementor-element elementor-element-aa325aa\" data-id=\"aa325aa\" data-element_type=\"column\" data-e-type=\"column\">\n\t\t\t<div class=\"elementor-widget-wrap elementor-element-populated\">\n\t\t\t\t\t\t<div class=\"elementor-element elementor-element-f08e542 elementor-align-left elementor-mobile-align-justify elementor-widget elementor-widget-button\" data-id=\"f08e542\" data-element_type=\"widget\" data-e-type=\"widget\" data-widget_type=\"button.default\">\n\t\t\t\t<div class=\"elementor-widget-container\">\n\t\t\t\t\t\t\t\t\t<div class=\"elementor-button-wrapper\">\n\t\t\t\t\t<a class=\"elementor-button elementor-button-link elementor-size-sm\" href=\"https:\/\/dutchworldbikes.com\/eng\/de-anatomie-van-een-fiets\/\">\n\t\t\t\t\t\t<span class=\"elementor-button-content-wrapper\">\n\t\t\t\t\t\t\t\t\t<span class=\"elementor-button-text\">Look at the anatomy of our bikes<\/span>\n\t\t\t\t\t<\/span>\n\t\t\t\t\t<\/a>\n\t\t\t\t<\/div>\n\t\t\t\t\t\t\t\t<\/div>\n\t\t\t\t<\/div>\n\t\t\t\t\t<\/div>\n\t\t<\/div>\n\t\t\t\t\t<\/div>\n\t\t<\/section>\n\t\t\t\t\t<\/div>\n\t\t<\/div>\n\t\t\t\t\t<\/div>\n\t\t<\/section>\n\t\t\t\t<\/div>","protected":false},"excerpt":{"rendered":"<p>Een innovatief, ingenieus systeem van Zehus. De E-bikes van Dutch World Bikes worden voorzien van een Zehus elektrisch systeem. Dit is een bijna onzichtbare alles-in-\u00e9\u00e9n motornaaf van 250 W met ge\u00efntegreerde accu, elektronica en motor. Het systeem is draadloos en 100% modulair. Je ziet nauwelijks dat je op een echte E-bike rijdt! Onder andere daarom [&hellip;]<\/p>\n","protected":false},"author":2,"featured_media":0,"parent":0,"menu_order":0,"comment_status":"closed","ping_status":"closed","template":"","meta":{"_acf_changed":false,"pgc_sgb_lightbox_settings":"","footnotes":""},"class_list":["post-2603","page","type-page","status-publish","hentry"],"acf":[],"yoast_head":"<!-- This site is optimized with the Yoast SEO plugin v27.5 - https:\/\/yoast.com\/product\/yoast-seo-wordpress\/ -->\n<title>Het elektrisch systeem - Dutch World Bikes<\/title>\n<meta name=\"robots\" content=\"index, follow, max-snippet:-1, max-image-preview:large, max-video-preview:-1\" \/>\n<link rel=\"canonical\" href=\"https:\/\/dutchworldbikes.com\/eng\/hoe-werkt-het-2\/\" \/>\n<meta property=\"og:locale\" content=\"en_GB\" \/>\n<meta property=\"og:type\" content=\"article\" \/>\n<meta property=\"og:title\" content=\"Het elektrisch systeem - Dutch World Bikes\" \/>\n<meta property=\"og:description\" content=\"Een innovatief, ingenieus systeem van Zehus. De E-bikes van Dutch World Bikes worden voorzien van een Zehus elektrisch systeem. Dit is een bijna onzichtbare alles-in-\u00e9\u00e9n motornaaf van 250 W met ge\u00efntegreerde accu, elektronica en motor. Het systeem is draadloos en 100% modulair. Je ziet nauwelijks dat je op een echte E-bike rijdt! Onder andere daarom [&hellip;]\" \/>\n<meta property=\"og:url\" content=\"https:\/\/dutchworldbikes.com\/eng\/hoe-werkt-het-2\/\" \/>\n<meta property=\"og:site_name\" content=\"Dutch World Bikes\" \/>\n<meta property=\"article:modified_time\" content=\"2021-04-22T08:27:36+00:00\" \/>\n<meta property=\"og:image\" content=\"https:\/\/www.dutchworldbikes.com\/wp-content\/uploads\/2021\/03\/ZEHUS.jpg\" \/>\n<meta name=\"twitter:card\" content=\"summary_large_image\" \/>\n<meta name=\"twitter:label1\" content=\"Estimated reading time\" \/>\n\t<meta name=\"twitter:data1\" content=\"2 minutes\" \/>\n<script type=\"application\/ld+json\" class=\"yoast-schema-graph\">{\"@context\":\"https:\\\/\\\/schema.org\",\"@graph\":[{\"@type\":\"WebPage\",\"@id\":\"https:\\\/\\\/dutchworldbikes.com\\\/hoe-werkt-het-2\\\/\",\"url\":\"https:\\\/\\\/dutchworldbikes.com\\\/hoe-werkt-het-2\\\/\",\"name\":\"Het elektrisch systeem - Dutch World Bikes\",\"isPartOf\":{\"@id\":\"https:\\\/\\\/dutchworldbikes.com\\\/#website\"},\"primaryImageOfPage\":{\"@id\":\"https:\\\/\\\/dutchworldbikes.com\\\/hoe-werkt-het-2\\\/#primaryimage\"},\"image\":{\"@id\":\"https:\\\/\\\/dutchworldbikes.com\\\/hoe-werkt-het-2\\\/#primaryimage\"},\"thumbnailUrl\":\"https:\\\/\\\/www.dutchworldbikes.com\\\/wp-content\\\/uploads\\\/2021\\\/03\\\/ZEHUS.jpg\",\"datePublished\":\"2021-03-10T13:06:48+00:00\",\"dateModified\":\"2021-04-22T08:27:36+00:00\",\"breadcrumb\":{\"@id\":\"https:\\\/\\\/dutchworldbikes.com\\\/hoe-werkt-het-2\\\/#breadcrumb\"},\"inLanguage\":\"en-GB\",\"potentialAction\":[{\"@type\":\"ReadAction\",\"target\":[\"https:\\\/\\\/dutchworldbikes.com\\\/hoe-werkt-het-2\\\/\"]}]},{\"@type\":\"ImageObject\",\"inLanguage\":\"en-GB\",\"@id\":\"https:\\\/\\\/dutchworldbikes.com\\\/hoe-werkt-het-2\\\/#primaryimage\",\"url\":\"https:\\\/\\\/www.dutchworldbikes.com\\\/wp-content\\\/uploads\\\/2021\\\/03\\\/ZEHUS.jpg\",\"contentUrl\":\"https:\\\/\\\/www.dutchworldbikes.com\\\/wp-content\\\/uploads\\\/2021\\\/03\\\/ZEHUS.jpg\"},{\"@type\":\"BreadcrumbList\",\"@id\":\"https:\\\/\\\/dutchworldbikes.com\\\/hoe-werkt-het-2\\\/#breadcrumb\",\"itemListElement\":[{\"@type\":\"ListItem\",\"position\":1,\"name\":\"Home\",\"item\":\"https:\\\/\\\/dutchworldbikes.com\\\/\"},{\"@type\":\"ListItem\",\"position\":2,\"name\":\"Het elektrisch systeem\"}]},{\"@type\":\"WebSite\",\"@id\":\"https:\\\/\\\/dutchworldbikes.com\\\/#website\",\"url\":\"https:\\\/\\\/dutchworldbikes.com\\\/\",\"name\":\"Dutch World Bikes\",\"description\":\"handgemaakte retro e-bikes\",\"potentialAction\":[{\"@type\":\"SearchAction\",\"target\":{\"@type\":\"EntryPoint\",\"urlTemplate\":\"https:\\\/\\\/dutchworldbikes.com\\\/?s={search_term_string}\"},\"query-input\":{\"@type\":\"PropertyValueSpecification\",\"valueRequired\":true,\"valueName\":\"search_term_string\"}}],\"inLanguage\":\"en-GB\"}]}<\/script>\n<!-- \/ Yoast SEO plugin. -->","yoast_head_json":{"title":"Het elektrisch systeem - Dutch World Bikes","robots":{"index":"index","follow":"follow","max-snippet":"max-snippet:-1","max-image-preview":"max-image-preview:large","max-video-preview":"max-video-preview:-1"},"canonical":"https:\/\/dutchworldbikes.com\/eng\/hoe-werkt-het-2\/","og_locale":"en_GB","og_type":"article","og_title":"Het elektrisch systeem - Dutch World Bikes","og_description":"Een innovatief, ingenieus systeem van Zehus. De E-bikes van Dutch World Bikes worden voorzien van een Zehus elektrisch systeem. Dit is een bijna onzichtbare alles-in-\u00e9\u00e9n motornaaf van 250 W met ge\u00efntegreerde accu, elektronica en motor. Het systeem is draadloos en 100% modulair. Je ziet nauwelijks dat je op een echte E-bike rijdt! Onder andere daarom [&hellip;]","og_url":"https:\/\/dutchworldbikes.com\/eng\/hoe-werkt-het-2\/","og_site_name":"Dutch World Bikes","article_modified_time":"2021-04-22T08:27:36+00:00","og_image":[{"url":"https:\/\/www.dutchworldbikes.com\/wp-content\/uploads\/2021\/03\/ZEHUS.jpg","type":"","width":"","height":""}],"twitter_card":"summary_large_image","twitter_misc":{"Estimated reading time":"2 minutes"},"schema":{"@context":"https:\/\/schema.org","@graph":[{"@type":"WebPage","@id":"https:\/\/dutchworldbikes.com\/hoe-werkt-het-2\/","url":"https:\/\/dutchworldbikes.com\/hoe-werkt-het-2\/","name":"Het elektrisch systeem - Dutch World Bikes","isPartOf":{"@id":"https:\/\/dutchworldbikes.com\/#website"},"primaryImageOfPage":{"@id":"https:\/\/dutchworldbikes.com\/hoe-werkt-het-2\/#primaryimage"},"image":{"@id":"https:\/\/dutchworldbikes.com\/hoe-werkt-het-2\/#primaryimage"},"thumbnailUrl":"https:\/\/www.dutchworldbikes.com\/wp-content\/uploads\/2021\/03\/ZEHUS.jpg","datePublished":"2021-03-10T13:06:48+00:00","dateModified":"2021-04-22T08:27:36+00:00","breadcrumb":{"@id":"https:\/\/dutchworldbikes.com\/hoe-werkt-het-2\/#breadcrumb"},"inLanguage":"en-GB","potentialAction":[{"@type":"ReadAction","target":["https:\/\/dutchworldbikes.com\/hoe-werkt-het-2\/"]}]},{"@type":"ImageObject","inLanguage":"en-GB","@id":"https:\/\/dutchworldbikes.com\/hoe-werkt-het-2\/#primaryimage","url":"https:\/\/www.dutchworldbikes.com\/wp-content\/uploads\/2021\/03\/ZEHUS.jpg","contentUrl":"https:\/\/www.dutchworldbikes.com\/wp-content\/uploads\/2021\/03\/ZEHUS.jpg"},{"@type":"BreadcrumbList","@id":"https:\/\/dutchworldbikes.com\/hoe-werkt-het-2\/#breadcrumb","itemListElement":[{"@type":"ListItem","position":1,"name":"Home","item":"https:\/\/dutchworldbikes.com\/"},{"@type":"ListItem","position":2,"name":"Het elektrisch systeem"}]},{"@type":"WebSite","@id":"https:\/\/dutchworldbikes.com\/#website","url":"https:\/\/dutchworldbikes.com\/","name":"Dutch World Bikes","description":"handgemaakte retro e-bikes","potentialAction":[{"@type":"SearchAction","target":{"@type":"EntryPoint","urlTemplate":"https:\/\/dutchworldbikes.com\/?s={search_term_string}"},"query-input":{"@type":"PropertyValueSpecification","valueRequired":true,"valueName":"search_term_string"}}],"inLanguage":"en-GB"}]}},"_links":{"self":[{"href":"https:\/\/dutchworldbikes.com\/eng\/wp-json\/wp\/v2\/pages\/2603","targetHints":{"allow":["GET"]}}],"collection":[{"href":"https:\/\/dutchworldbikes.com\/eng\/wp-json\/wp\/v2\/pages"}],"about":[{"href":"https:\/\/dutchworldbikes.com\/eng\/wp-json\/wp\/v2\/types\/page"}],"author":[{"embeddable":true,"href":"https:\/\/dutchworldbikes.com\/eng\/wp-json\/wp\/v2\/users\/2"}],"replies":[{"embeddable":true,"href":"https:\/\/dutchworldbikes.com\/eng\/wp-json\/wp\/v2\/comments?post=2603"}],"version-history":[{"count":27,"href":"https:\/\/dutchworldbikes.com\/eng\/wp-json\/wp\/v2\/pages\/2603\/revisions"}],"predecessor-version":[{"id":2810,"href":"https:\/\/dutchworldbikes.com\/eng\/wp-json\/wp\/v2\/pages\/2603\/revisions\/2810"}],"wp:attachment":[{"href":"https:\/\/dutchworldbikes.com\/eng\/wp-json\/wp\/v2\/media?parent=2603"}],"curies":[{"name":"wp","href":"https:\/\/api.w.org\/{rel}","templated":true}]}}